{"id":5506,"date":"2008-07-22T17:08:18","date_gmt":"2008-07-22T15:08:18","guid":{"rendered":"http:\/\/www.syenlap.dk\/?page_id=2"},"modified":"2015-11-22T23:46:33","modified_gmt":"2015-11-22T21:46:33","slug":"om","status":"publish","type":"page","link":"http:\/\/www.syenlap.dk\/?page_id=5506","title":{"rendered":"Om mig"},"content":{"rendered":"<h1>Her skriver Hanne:<\/h1>\n<div id=\"attachment_27567\" style=\"width: 610px\" class=\"wp-caption alignright\"><a href=\"http:\/\/www.syenlap.dk\/wp-content\/uploads\/2008\/07\/portr\u00e6t-3-1.jpg\" rel=\"lightbox[5506]\"><img loading=\"lazy\" decoding=\"async\" aria-describedby=\"caption-attachment-27567\" class=\"wp-image-27567 size-full\" src=\"http:\/\/www.syenlap.dk\/wp-content\/uploads\/2008\/07\/portr\u00e6t-3-1.jpg\" alt=\"portr\u00e6t 3 1\" width=\"600\" height=\"459\" srcset=\"http:\/\/www.syenlap.dk\/wp-content\/uploads\/2008\/07\/portr\u00e6t-3-1.jpg 600w, http:\/\/www.syenlap.dk\/wp-content\/uploads\/2008\/07\/portr\u00e6t-3-1-300x230.jpg 300w, http:\/\/www.syenlap.dk\/wp-content\/uploads\/2008\/07\/portr\u00e6t-3-1-392x300.jpg 392w\" sizes=\"auto, (max-width: 600px) 100vw, 600px\" \/><\/a><p id=\"caption-attachment-27567\" class=\"wp-caption-text\">Foto: Sara Skytte, Hendes Verden<\/p><\/div>\n<p>&#8230;om hvad der optager mig og hvad jeg oplever<\/p>\n<p>&#8211; hvad jeg <em>har<\/em> oplevet<\/p>\n<p>&#8211; hvad jeg syr og strikker<\/p>\n<p>&#8211; om sjov og om alvor<\/p>\n<p>&#8211; om patchwork og strik<br \/>\nJeg er en \u00e6ldre kone p\u00e5 76,\u00a0nu alene efter 47\u00a0\u00e5r med S\u00f8ren, har 3 voksne b\u00f8rn, 3 dejlige svigerb\u00f8rn og\u00a05 b\u00f8rneb\u00f8rn, samt\u00a0en dejlig lille hund, en Tibetansk Terrier. Jeg er pensionist og elsker h\u00e5ndarbejde. Jeg l\u00e6rte at strikke, da jeg var 6, og begyndte at sy patchwork, da jeg var 56!<\/p>\n<div id=\"attachment_27565\" style=\"width: 227px\" class=\"wp-caption alignright\"><a href=\"http:\/\/www.syenlap.dk\/wp-content\/uploads\/2008\/07\/portr\u00e6t-2-1.jpg\" rel=\"lightbox[5506]\"><img loading=\"lazy\" decoding=\"async\" aria-describedby=\"caption-attachment-27565\" class=\"wp-image-27565 size-medium\" src=\"http:\/\/www.syenlap.dk\/wp-content\/uploads\/2008\/07\/portr\u00e6t-2-1-217x300.jpg\" alt=\"portr\u00e6t 2 1\" width=\"217\" height=\"300\" srcset=\"http:\/\/www.syenlap.dk\/wp-content\/uploads\/2008\/07\/portr\u00e6t-2-1-217x300.jpg 217w, http:\/\/www.syenlap.dk\/wp-content\/uploads\/2008\/07\/portr\u00e6t-2-1.jpg 450w\" sizes=\"auto, (max-width: 217px) 100vw, 217px\" \/><\/a><p id=\"caption-attachment-27565\" class=\"wp-caption-text\">Foto: Sara Skytte, Hendes Verden<\/p><\/div>\n<p>I mellemtiden var jeg spejder i over 50 \u00e5r, aktiv som leder for b\u00f8rn og voksne.<\/p>\n<p>Jeg boede i 12 \u00e5r i Gr\u00f8nland, arbejdede der og startede min familie der.<\/p>\n<p>Jeg syr i flere grupper og strikker i \u00e9n. Jeg underviser lidt i patchwork, og s\u00e5 har jeg en velbes\u00f8gt website <a href=\"http:\/\/www.kludekoner.dk\">www.kludekoner.dk<\/a> med masser af billeder af patchwork og strik,\u00a0&#8211; du er ogs\u00e5 velkommen! Indenfor patchwork br\u00e6nder jeg for Projekt Puttet\u00e6pper, hvor vi syr patchworkt\u00e6pper til b\u00f8rn p\u00e5 de 4 julem\u00e6rkehjem i Danmark &#8211; <a href=\"http:\/\/www.puttetaepper.dk\">www.puttetaepper.dk<\/a><\/p>\n","protected":false},"excerpt":{"rendered":"<p>Her skriver Hanne: &#8230;om hvad der optager mig og hvad jeg oplever &#8211; hvad jeg har oplevet &#8211; hvad jeg syr og strikker &#8211; om sjov og om alvor &#8211; om patchwork og strik Jeg er en \u00e6ldre kone p\u00e5 &hellip; <a href=\"http:\/\/www.syenlap.dk\/?page_id=5506\">L\u00e6s resten <span class=\"meta-nav\">&rarr;<\/span><\/a><\/p>\n","protected":false},"author":2,"featured_media":0,"parent":0,"menu_order":0,"comment_status":"closed","ping_status":"closed","template":"sidebar-page.php","meta":{"footnotes":""},"class_list":["post-5506","page","type-page","status-publish","hentry"],"_links":{"self":[{"href":"http:\/\/www.syenlap.dk\/index.php?rest_route=\/wp\/v2\/pages\/5506","targetHints":{"allow":["GET"]}}],"collection":[{"href":"http:\/\/www.syenlap.dk\/index.php?rest_route=\/wp\/v2\/pages"}],"about":[{"href":"http:\/\/www.syenlap.dk\/index.php?rest_route=\/wp\/v2\/types\/page"}],"author":[{"embeddable":true,"href":"http:\/\/www.syenlap.dk\/index.php?rest_route=\/wp\/v2\/users\/2"}],"replies":[{"embeddable":true,"href":"http:\/\/www.syenlap.dk\/index.php?rest_route=%2Fwp%2Fv2%2Fcomments&post=5506"}],"version-history":[{"count":5,"href":"http:\/\/www.syenlap.dk\/index.php?rest_route=\/wp\/v2\/pages\/5506\/revisions"}],"predecessor-version":[{"id":27569,"href":"http:\/\/www.syenlap.dk\/index.php?rest_route=\/wp\/v2\/pages\/5506\/revisions\/27569"}],"wp:attachment":[{"href":"http:\/\/www.syenlap.dk\/index.php?rest_route=%2Fwp%2Fv2%2Fmedia&parent=5506"}],"curies":[{"name":"wp","href":"https:\/\/api.w.org\/{rel}","templated":true}]}}